{"id":4156,"date":"2017-10-29T04:35:28","date_gmt":"2017-10-29T04:35:28","guid":{"rendered":"https:\/\/pacicc2.wpengine.com\/qui-nous-sommes\/about-us\/"},"modified":"2023-02-24T17:59:55","modified_gmt":"2023-02-24T17:59:55","slug":"a-propos-de-nous","status":"publish","type":"page","link":"https:\/\/www.pacicc.ca\/fr\/qui-nous-sommes\/a-propos-de-nous\/","title":{"rendered":"\u00c0 propos de nous"},"content":{"rendered":"<p>Depuis plus d\u2019un si\u00e8cle, des centaines de soci\u00e9t\u00e9s d\u2019assurances IARD (incendie, accidents, risques divers) exer\u00e7ant leurs activit\u00e9s au Canada ont r\u00e9gl\u00e9 int\u00e9gralement et avec diligence des millions de demandes d\u2019indemnit\u00e9 totalisant des milliards de dollars. Bien que cela soit rare, il arrive que des soci\u00e9t\u00e9s d\u2019assurance fassent faillite. C\u2019est pourquoi les soci\u00e9t\u00e9s d\u2019assurances\u00a0IARD du Canada financent un programme sp\u00e9cial visant \u00e0 prot\u00e9ger les titulaires de police et les demandeurs d\u2019indemnit\u00e9. Ce programme est approuv\u00e9 par les organismes de r\u00e9glementation gouvernementaux. Dans le cas peu probable o\u00f9 une soci\u00e9t\u00e9 d\u2019assurances IARD exer\u00e7ant ses activit\u00e9s au Canada ferait faillite, la Soci\u00e9t\u00e9 d\u2019indemnisation en mati\u00e8re d\u2019assurances IARD (SIMA) \u2014 un organisme sans but lucratif financ\u00e9 par l\u2019industrie \u2014 r\u00e9glera les demandes d\u2019indemnit\u00e9 pr\u00e9sent\u00e9es en vertu de la plupart des polices \u00e9tablies par des assureurs IARD. Il n\u2019est pas n\u00e9cessaire de pr\u00e9senter une demande pour b\u00e9n\u00e9ficier de cette protection, qui est accord\u00e9e automatiquement au titre des polices admissibles.<\/p>\n<p>Les membres de la SIMA sont des soci\u00e9t\u00e9s priv\u00e9es qui assurent les maisons, les voitures, les entreprises et les autres biens des Canadiens. Pour \u00eatre pr\u00eate \u00e0 assumer son r\u00f4le, la SIMA s\u2019est dot\u00e9e d\u2019un fonds de liquidit\u00e9s suffisant pour couvrir les premi\u00e8res obligations financi\u00e8res d\u2019un assureur membre insolvable.<\/p>","protected":false},"excerpt":{"rendered":"<p>Depuis plus d\u2019un si\u00e8cle, des centaines de soci\u00e9t\u00e9s d\u2019assurances IARD (incendie, accidents, risques divers) exer\u00e7ant leurs activit\u00e9s au Canada ont r\u00e9gl\u00e9 int\u00e9gralement et avec diligence des millions de demandes d\u2019indemnit\u00e9 totalisant des milliards de dollars. Bien que cela soit rare, il arrive que des soci\u00e9t\u00e9s d\u2019assurance fassent faillite. C\u2019est pourquoi les soci\u00e9t\u00e9s d\u2019assurances\u00a0IARD du Canada [&hellip;]<\/p>","protected":false},"author":1,"featured_media":0,"parent":4154,"menu_order":0,"comment_status":"closed","ping_status":"closed","template":"","meta":{"_acf_changed":false,"_exactmetrics_skip_tracking":false,"_exactmetrics_sitenote_active":false,"_exactmetrics_sitenote_note":"","_exactmetrics_sitenote_category":0,"_monsterinsights_skip_tracking":false,"_monsterinsights_sitenote_active":false,"_monsterinsights_sitenote_note":"","_monsterinsights_sitenote_category":0,"footnotes":""},"class_list":["post-4156","page","type-page","status-publish","hentry"],"acf":[],"aioseo_notices":[],"jetpack_sharing_enabled":true,"_links":{"self":[{"href":"https:\/\/www.pacicc.ca\/fr\/wp-json\/wp\/v2\/pages\/4156","targetHints":{"allow":["GET"]}}],"collection":[{"href":"https:\/\/www.pacicc.ca\/fr\/wp-json\/wp\/v2\/pages"}],"about":[{"href":"https:\/\/www.pacicc.ca\/fr\/wp-json\/wp\/v2\/types\/page"}],"author":[{"embeddable":true,"href":"https:\/\/www.pacicc.ca\/fr\/wp-json\/wp\/v2\/users\/1"}],"replies":[{"embeddable":true,"href":"https:\/\/www.pacicc.ca\/fr\/wp-json\/wp\/v2\/comments?post=4156"}],"version-history":[{"count":0,"href":"https:\/\/www.pacicc.ca\/fr\/wp-json\/wp\/v2\/pages\/4156\/revisions"}],"up":[{"embeddable":true,"href":"https:\/\/www.pacicc.ca\/fr\/wp-json\/wp\/v2\/pages\/4154"}],"wp:attachment":[{"href":"https:\/\/www.pacicc.ca\/fr\/wp-json\/wp\/v2\/media?parent=4156"}],"curies":[{"name":"wp","href":"https:\/\/api.w.org\/{rel}","templated":true}]}}