{"id":4159,"date":"2017-11-04T22:35:45","date_gmt":"2017-11-04T22:35:45","guid":{"rendered":"https:\/\/pacicc2.wpengine.com\/qui-nous-sommes\/member-insurers\/"},"modified":"2026-03-23T09:28:37","modified_gmt":"2026-03-23T14:28:37","slug":"assureurs-membres","status":"publish","type":"page","link":"https:\/\/www.pacicc.ca\/fr\/qui-nous-sommes\/assureurs-membres\/","title":{"rendered":"Assureurs membres"},"content":{"rendered":"<p>Liste des assureurs membres mise \u00e0 jour en juin 2023<\/p>\n<p>Vous trouverez les contrats que les assureurs \u00e0 charte f\u00e9d\u00e9rale et les assureurs \u00e0 charte provinciale doivent signer pour adh\u00e9rer \u00e0 la SIMA \u00e0 la section\u00a0Politiques et proc\u00e9dures.<\/p>\n<p><a href=\"#A\">A<\/a>\u00a0| <a href=\"#B\">B<\/a>\u00a0| <a href=\"#C\">C<\/a>\u00a0| <a href=\"#D\">D<\/a>\u00a0| <a href=\"#E\">E<\/a>\u00a0| <a href=\"#F\">F<\/a>\u00a0| <a href=\"#G\">G<\/a>\u00a0| <a href=\"#H\">H<\/a>\u00a0| <a href=\"#I\">I<\/a>\u00a0| <a href=\"#J\">J<\/a>\u00a0| <a href=\"#K\">K<\/a>\u00a0| <a href=\"#L\">L<\/a>\u00a0| <a href=\"#M\">M<\/a>\u00a0| <a href=\"#N\">N<\/a>\u00a0| <a href=\"#O\">O<\/a>\u00a0| <a href=\"#P\">P<\/a>\u00a0| <a href=\"#Q\">Q<\/a>\u00a0| <a href=\"#R\">R<\/a>\u00a0| <a href=\"#S\">S<\/a>\u00a0| <a href=\"#T\">T<\/a>\u00a0| <a href=\"#U\">U<\/a>\u00a0| <a href=\"#V\">V<\/a>\u00a0| <a href=\"#W\">W<\/a>\u00a0| <a href=\"#X\">X<\/a>\u00a0| <a href=\"#Y\">Y<\/a>\u00a0| <a href=\"#Z\">Z<\/a><\/p>","protected":false},"excerpt":{"rendered":"<p>Liste des assureurs membres mise \u00e0 jour en juin 2023 Vous trouverez les contrats que les assureurs \u00e0 charte f\u00e9d\u00e9rale et les assureurs \u00e0 charte provinciale doivent signer pour adh\u00e9rer \u00e0 la SIMA \u00e0 la section\u00a0Politiques et proc\u00e9dures. A\u00a0| B\u00a0| C\u00a0| D\u00a0| E\u00a0| F\u00a0| G\u00a0| H\u00a0| I\u00a0| J\u00a0| K\u00a0| L\u00a0| M\u00a0| N\u00a0| O\u00a0| P\u00a0| Q\u00a0| [&hellip;]<\/p>","protected":false},"author":1,"featured_media":0,"parent":4154,"menu_order":1,"comment_status":"closed","ping_status":"closed","template":"","meta":{"_acf_changed":false,"_exactmetrics_skip_tracking":false,"_exactmetrics_sitenote_active":false,"_exactmetrics_sitenote_note":"","_exactmetrics_sitenote_category":0,"_monsterinsights_skip_tracking":false,"_monsterinsights_sitenote_active":false,"_monsterinsights_sitenote_note":"","_monsterinsights_sitenote_category":0,"footnotes":""},"class_list":["post-4159","page","type-page","status-publish","hentry"],"acf":[],"aioseo_notices":[],"jetpack_sharing_enabled":true,"_links":{"self":[{"href":"https:\/\/www.pacicc.ca\/fr\/wp-json\/wp\/v2\/pages\/4159","targetHints":{"allow":["GET"]}}],"collection":[{"href":"https:\/\/www.pacicc.ca\/fr\/wp-json\/wp\/v2\/pages"}],"about":[{"href":"https:\/\/www.pacicc.ca\/fr\/wp-json\/wp\/v2\/types\/page"}],"author":[{"embeddable":true,"href":"https:\/\/www.pacicc.ca\/fr\/wp-json\/wp\/v2\/users\/1"}],"replies":[{"embeddable":true,"href":"https:\/\/www.pacicc.ca\/fr\/wp-json\/wp\/v2\/comments?post=4159"}],"version-history":[{"count":0,"href":"https:\/\/www.pacicc.ca\/fr\/wp-json\/wp\/v2\/pages\/4159\/revisions"}],"up":[{"embeddable":true,"href":"https:\/\/www.pacicc.ca\/fr\/wp-json\/wp\/v2\/pages\/4154"}],"wp:attachment":[{"href":"https:\/\/www.pacicc.ca\/fr\/wp-json\/wp\/v2\/media?parent=4159"}],"curies":[{"name":"wp","href":"https:\/\/api.w.org\/{rel}","templated":true}]}}