{"id":4310,"date":"2017-11-05T03:38:09","date_gmt":"2017-11-05T03:38:09","guid":{"rendered":"https:\/\/pacicc2.wpengine.com\/ce-que-nous-faisons\/links\/"},"modified":"2023-06-14T09:42:47","modified_gmt":"2023-06-14T14:42:47","slug":"liens","status":"publish","type":"page","link":"https:\/\/www.pacicc.ca\/fr\/ce-que-nous-faisons\/liens\/","title":{"rendered":"Liens"},"content":{"rendered":"<h2 id=\"toc_0\">Organisme f\u00e9d\u00e9ral<\/h2>\n<h3 id=\"toc_1\">BSIF<\/h3>\n<p><strong>Peter Routledge<\/strong><br \/>\n<em>Surintendant<\/em><br \/>\nBureau du surintendant des institutions financi\u00e8res<br \/>\n255, rue Albert, 12<sup>e<\/sup> \u00e9tage<br \/>\nOttawa (Ontario) K1A 0H2<br \/>\nT\u00e9l. : 613-990-7788<br \/>\n<a href=\"https:\/\/www.osfi-bsif.gc.ca\/fra\/Pages\/default.aspx\" target=\"_blank\" rel=\"noopener\">Link\u00a0<i class=\"bi bi-box-arrow-up-right\"><\/i><\/a><\/p>\n<h2 id=\"toc_2\">Organismes provinciaux<\/h2>\n<h3 id=\"toc_3\">Colombie-Britannique<\/h3>\n<p><strong>Blair Morrison<\/strong><br \/>\n<em>Directeur g\u00e9n\u00e9rale<\/em><br \/>\nAutorit\u00e9 des services financiers de la Colombie-Britannique<br \/>\n600-750 rue Pender Ouest<br \/>\nVancouver (Colombie-Britannique) V6C 2T8<br \/>\nT\u00e9l. : 604-660-3555<br \/>\n<a href=\"https:\/\/www.bcfsa.ca\/\" target=\"_blank\" rel=\"noopener\">Link\u00a0<i class=\"bi bi-box-arrow-up-right\"><\/i><\/a><\/p>\n<h3 id=\"toc_4\">Alberta<\/h3>\n<p><strong>Mark Brisson<\/strong><br \/>\n<em>Sous-ministre adjoint et surintendant des assurances, pensions et institutions financi\u00e8res<\/em><br \/>\nDivision de la r\u00e9glementation et des politiques du secteur financier<br \/>\nImmeuble Terrace 9515 \u2013 107 Street, bureau 443<br \/>\nEdmonton (Alberta) T5K 2C3<br \/>\nT\u00e9l. : 780-427-8322<br \/>\n<a href=\"https:\/\/www.alberta.ca\/insurance.aspx\" target=\"_blank\" rel=\"noopener\">Link\u00a0<i class=\"bi bi-box-arrow-up-right\"><\/i><\/a><\/p>\n<h3 id=\"toc_5\">Saskatchewan<\/h3>\n<p><strong>Janette Seibel<\/strong><br \/>\n<em>Surintendante adjointe des assurances<\/em><br \/>\nAdministration des affaires financi\u00e8res et des consommateurs<br \/>\n1919, Saskatchewan Drivebureau 601<br \/>\nRegina (Saskatchewan) S4P 4H2<br \/>\nT\u00e9l. : 306-787-6700<br \/>\n<a href=\"https:\/\/fcaa.gov.sk.ca\/\" target=\"_blank\" rel=\"noopener\">Link\u00a0<i class=\"bi bi-box-arrow-up-right\"><\/i><\/a><\/p>\n<h3 id=\"toc_6\">Manitoba<\/h3>\n<p><strong>J. Scott Moore<\/strong><br \/>\n<em>Surintendant des institutions financi\u00e8res<\/em><br \/>\nDirection de la r\u00e9glementation des institutions financi\u00e8res<br \/>\n400, avenue St. Mary, bureau 500<br \/>\nWinnipeg (Manitoba) R3C 4K5<br \/>\nT\u00e9l. : 204-945-2542<br \/>\n<a href=\"https:\/\/mbfinancialinstitutions.ca\/\" target=\"_blank\" rel=\"noopener\">Link\u00a0<i class=\"bi bi-box-arrow-up-right\"><\/i><\/a><\/p>\n<h3 id=\"toc_7\">Ontario<\/h3>\n<p><strong>Mark E. White<\/strong><br \/>\n<em>Directeur g\u00e9n\u00e9rale<\/em><br \/>\nAutorit\u00e9 ontarienne de r\u00e9glementation des services financiers<br \/>\n5160, rue Yonge, 17<sup>e<\/sup> \u00e9tage, C.P. 85<br \/>\nToronto (Ontario) M2N 6L9<br \/>\nT\u00e9l. : 416-250-7250<br \/>\nwww.fsco.gov.on.ca<br \/>\n<a href=\"https:\/\/www.fsrao.ca\/\" target=\"_blank\" rel=\"noopener\">Link\u00a0<i class=\"bi bi-box-arrow-up-right\"><\/i><\/a><\/p>\n<h3 id=\"toc_8\">Qu\u00e9bec<\/h3>\n<p><strong>Patrick D\u00e9ry<\/strong><br \/>\n<em>Surintendant de l\u2019encadrement de la solvabilit\u00e9<\/em><br \/>\nAutorit\u00e9 des march\u00e9s financiers<br \/>\n2640, boulevard Laurier, 6<sup>e<\/sup> \u00e9tage<br \/>\nQu\u00e9bec (Qu\u00e9bec) G1V 5C1<br \/>\nT\u00e9l. : 418-525-0337<br \/>\n<a href=\"https:\/\/lautorite.qc.ca\/\" target=\"_blank\" rel=\"noopener\">Link\u00a0<i class=\"bi bi-box-arrow-up-right\"><\/i><\/a><\/p>\n<h3 id=\"toc_9\">Nouvelle-\u00c9cosse<\/h3>\n<p><strong>Jennifer Calder<\/strong><br \/>\n<em>Surintendante adjointe des assurances<\/em><br \/>\nMinist\u00e8re des Finances et Conseil du Tr\u00e9sor Nouvelle-\u00c9cosse, Division des institutions financi\u00e8res<br \/>\nBureau du surintendant des assurances<br \/>\nC.P. 2271<br \/>\nHalifax (Nouvelle-\u00c9cosse) B3J 3C8<br \/>\nT\u00e9l. : 902-424-7552<br \/>\n<a href=\"https:\/\/novascotia.ca\/\" target=\"_blank\" rel=\"noopener\">Link\u00a0<i class=\"bi bi-box-arrow-up-right\"><\/i><\/a><\/p>\n<h3 id=\"toc_10\">\u00cele-du-Prince-\u00c9douard<\/h3>\n<p><strong>Robert Bradley<\/strong><br \/>\n<em>Surintendant des assurances<\/em><br \/>\nMinist\u00e8re de la Justice et de la S\u00e9curit\u00e9 publique<br \/>\n105, rue Rochford<br \/>\nC.P. 2000<br \/>\nCharlottetown (\u00ce.-P.-\u00c9.) C1A 7N8<br \/>\nT\u00e9l. : 902-368-4550<br \/>\n<a href=\"https:\/\/www.princeedwardisland.ca\/\" target=\"_blank\" rel=\"noopener\">Link\u00a0<i class=\"bi bi-box-arrow-up-right\"><\/i><\/a><\/p>\n<h3 id=\"toc_11\">Nouveau-Brunswick<\/h3>\n<p><strong>Angela Mazerolle<\/strong><br \/>\n<em>Vice-pr\u00e9sidente, Activit\u00e9s de r\u00e9glementation, et Surintendante des assurances<\/em><br \/>\nCommission des services financiers et des services aux consommateurs<br \/>\n225, rue King, bureau 200<br \/>\nFredericton (Nouveau-Brunswick)<br \/>\nE3B 1E1<br \/>\nT\u00e9l. : 886-993-2222<br \/>\n<a href=\"https:\/\/www.fcnb.ca\/\" target=\"_blank\" rel=\"noopener\">Link\u00a0<i class=\"bi bi-box-arrow-up-right\"><\/i><\/a><\/p>\n<h3 id=\"toc_12\">Terre-Neuve-et-Labrador<\/h3>\n<p><strong>Jean Bishop<\/strong><br \/>\n<em>Surintendante des assurances<\/em><br \/>\nDivision de la r\u00e9glementation des services financiers Service TNL<br \/>\nGouvernement de Terre-Neuve-et-Labrador<br \/>\nImmeuble Confederation, bloc Ouest, 2<sup>e<\/sup> \u00e9tage<br \/>\nC.P. 8700<br \/>\nSt. John\u2019s (Terre-Neuve) A1B 4J6<br \/>\nT\u00e9l. : 709-729-4909<br \/>\n<a href=\"https:\/\/www.gov.nl.ca\/dgsnl\/department\/branches\/divisions\/fsr\/\" target=\"_blank\" rel=\"noopener\">Link\u00a0<i class=\"bi bi-box-arrow-up-right\"><\/i><\/a><\/p>\n<h3 id=\"toc_13\">Territoires du Nord-Ouest<\/h3>\n<p><strong>Tegwen Jones<\/strong><br \/>\n<em>Surintendante des assurances<\/em><br \/>\nMinist\u00e8re des Finances<br \/>\nGouvernement des Territoires du Nord-Ouest<br \/>\nImmeuble YK Centre, 3<sup>e<\/sup> \u00e9tage<br \/>\n4822 \u2013 48th Street, C.P 1320 (YK-3)<br \/>\nYellowknife (T.-N.-O.) X1A 2L9<br \/>\nT\u00e9l. : 867-767-9171<br \/>\n<a href=\"https:\/\/www.fin.gov.nt.ca\/\" target=\"_blank\" rel=\"noopener\">Link\u00a0<i class=\"bi bi-box-arrow-up-right\"><\/i><\/a><\/p>\n<h3 id=\"toc_14\">Yukon<\/h3>\n<p><strong>Bradley Rowett<\/strong><br \/>\n<em>Surintendant adjoint des assurances<\/em><br \/>\nMinist\u00e8re des Services aux collectivit\u00e9s<br \/>\n2130, Second Avenue, 3<sup>e<\/sup> \u00e9tage<br \/>\nC.P. 2703 (C-5)<br \/>\nWhitehorse (Yukon) Y1A 2C6<br \/>\nT\u00e9l. : 867-667-5111<br \/>\n<a href=\"http:\/\/community.gov.yk.ca\" target=\"_blank\" rel=\"noopener\">Link\u00a0<i class=\"bi bi-box-arrow-up-right\"><\/i><\/a><\/p>\n<h3 id=\"toc_15\">Nunavut<\/h3>\n<p><strong>Sean Clark<\/strong><br \/>\n<em>Surintendant des assurances<\/em><br \/>\nMinist\u00e8re des Finances<br \/>\nGouvernement du Nunavut<br \/>\nC.P. 2260<br \/>\nIqaluit (Nunavut) X0A 0H0<br \/>\nT\u00e9l. : 1-800-316-3324<br \/>\n<a href=\"https:\/\/www.gov.nu.ca\/\" target=\"_blank\" rel=\"noopener\">Link\u00a0<i class=\"bi bi-box-arrow-up-right\"><\/i><\/a><\/p>\n<h2 id=\"toc_0\">Insurance Related Organizations<\/h2>\n<p>Links to key insurance related organizations.<\/p>\n<p><a href=\"https:\/\/www.cadri.com\/\" target=\"_blank\" rel=\"noopener\">Canadian Association of Direct Response Insurers\u00a0<i class=\"bi bi-box-arrow-up-right\"><\/i><\/a><br \/>\n<a href=\"https:\/\/www.cafii.com\/\" target=\"_blank\" rel=\"noopener\">Canadian Association of Financial Institutions in Insurance\u00a0<i class=\"bi bi-box-arrow-up-right\"><\/i><\/a><br \/>\n<a href=\"https:\/\/camic.ca\/\" target=\"_blank\" rel=\"noopener\">Canadian Association of Mutual Insurance Companies\u00a0<i class=\"bi bi-box-arrow-up-right\"><\/i><\/a><br \/>\n<a href=\"https:\/\/www.cbmu.com\/\" target=\"_blank\" rel=\"noopener\">Canadian Board of Marine Underwriters\u00a0<i class=\"bi bi-box-arrow-up-right\"><\/i><\/a><br \/>\n<a href=\"https:\/\/www.ccir-ccrra.org\/\" target=\"_blank\" rel=\"noopener\">Canadian Council of Insurance Regulators\u00a0<i class=\"bi bi-box-arrow-up-right\"><\/i><\/a><br \/>\n<a href=\"https:\/\/www.ciaa-adjusters.ca\/\" target=\"_blank\" rel=\"noopener\">Canadian Independent Adjusters\u2019 Association\u00a0<i class=\"bi bi-box-arrow-up-right\"><\/i><\/a><br \/>\n<a href=\"http:\/\/www.actuaries.ca\/\" target=\"_blank\" rel=\"noopener\">Canadian Institute of Actuaries\u00a0<i class=\"bi bi-box-arrow-up-right\"><\/i><\/a><br \/>\n<a href=\"https:\/\/www.ciaa.org\/\" target=\"_blank\" rel=\"noopener\">Canadian Insurance Accountants Association\u00a0<i class=\"bi bi-box-arrow-up-right\"><\/i><\/a><br \/>\n<a href=\"https:\/\/www.cicma.ca\/\" target=\"_blank\" rel=\"noopener\">Canadian Insurance Claims Managers\u2019 Association\u00a0<i class=\"bi bi-box-arrow-up-right\"><\/i><\/a><br \/>\n<a href=\"https:\/\/www.clhia.ca\/\" target=\"_blank\" rel=\"noopener\">Canadian Life and Health Insurance Association Inc.\u00a0<i class=\"bi bi-box-arrow-up-right\"><\/i><\/a><br \/>\n<a href=\"https:\/\/www.csa-international.org\/\" target=\"_blank\" rel=\"noopener\">CSA International\u00a0<i class=\"bi bi-box-arrow-up-right\"><\/i><\/a><br \/>\n<a href=\"https:\/\/csio.com\/\" target=\"_blank\" rel=\"noopener\">Centre for Study in Insurance Operations\u00a0<i class=\"bi bi-box-arrow-up-right\"><\/i><\/a><br \/>\n<a href=\"https:\/\/www.facilityassociation.com\/\" target=\"_blank\" rel=\"noopener\">Facility Association\u00a0<i class=\"bi bi-box-arrow-up-right\"><\/i><\/a><br \/>\n<a href=\"https:\/\/financeprotection.ca\/\" target=\"_blank\" rel=\"noopener\">Finance Protection\u00a0<i class=\"bi bi-box-arrow-up-right\"><\/i><\/a><br \/>\n<a href=\"https:\/\/giocanada.org\/\" target=\"_blank\" rel=\"noopener\">General Insurance Ombudservice\u00a0<i class=\"bi bi-box-arrow-up-right\"><\/i><\/a><br \/>\n<a href=\"https:\/\/gaa.qc.ca\/\" target=\"_blank\" rel=\"noopener\">Groupement Des Assureurs Automobiles\u00a0<i class=\"bi bi-box-arrow-up-right\"><\/i><\/a><br \/>\n<a href=\"https:\/\/www.iclr.org\/\" target=\"_blank\" rel=\"noopener\">Institute for Catastrophic Loss Reduction\u00a0<i class=\"bi bi-box-arrow-up-right\"><\/i><\/a><br \/>\n<a href=\"https:\/\/www.ibc.ca\/\" target=\"_blank\" rel=\"noopener\">Insurance Bureau of Canada\u00a0<i class=\"bi bi-box-arrow-up-right\"><\/i><\/a><br \/>\n<a href=\"https:\/\/ibac.ca\/\" target=\"_blank\" rel=\"noopener\">Insurance Brokers Association of Canada\u00a0<i class=\"bi bi-box-arrow-up-right\"><\/i><\/a><br \/>\n<a href=\"https:\/\/www.insuranceinstitute.ca\/\" target=\"_blank\" rel=\"noopener\">The Insurance Institute of Canada\u00a0<i class=\"bi bi-box-arrow-up-right\"><\/i><\/a><br \/>\n<a href=\"http:\/\/www.cgi-ibs.com\/\" target=\"_blank\" rel=\"noopener\">Nuclear Insurance Association of Canada\u00a0<i class=\"bi bi-box-arrow-up-right\"><\/i><\/a><br \/>\n<a href=\"https:\/\/rrccanada.org\/\" target=\"_blank\" rel=\"noopener\">Reinsurance Research Council\u00a0<i class=\"bi bi-box-arrow-up-right\"><\/i><\/a><br \/>\n<a href=\"https:\/\/rimscanada.ca\/\" target=\"_blank\" rel=\"noopener\">Risk and Insurance Management Society, Inc.\u00a0<i class=\"bi bi-box-arrow-up-right\"><\/i><\/a><br \/>\n<a href=\"https:\/\/www.suretycanada.com\/\/\" target=\"_blank\" rel=\"noopener\">Surety Association of Canada\u00a0<i class=\"bi bi-box-arrow-up-right\"><\/i><\/a><\/p>","protected":false},"excerpt":{"rendered":"<p>Organisme f\u00e9d\u00e9ral BSIF Peter Routledge Surintendant Bureau du surintendant des institutions financi\u00e8res 255, rue Albert, 12e \u00e9tage Ottawa (Ontario) K1A 0H2 T\u00e9l. : 613-990-7788 Link\u00a0 Organismes provinciaux Colombie-Britannique Blair Morrison Directeur g\u00e9n\u00e9rale Autorit\u00e9 des services financiers de la Colombie-Britannique 600-750 rue Pender Ouest Vancouver (Colombie-Britannique) V6C 2T8 T\u00e9l. : 604-660-3555 Link\u00a0 Alberta Mark Brisson Sous-ministre [&hellip;]<\/p>","protected":false},"author":1,"featured_media":0,"parent":4169,"menu_order":3,"comment_status":"closed","ping_status":"closed","template":"","meta":{"_acf_changed":false,"_exactmetrics_skip_tracking":false,"_exactmetrics_sitenote_active":false,"_exactmetrics_sitenote_note":"","_exactmetrics_sitenote_category":0,"_monsterinsights_skip_tracking":false,"_monsterinsights_sitenote_active":false,"_monsterinsights_sitenote_note":"","_monsterinsights_sitenote_category":0,"footnotes":""},"class_list":["post-4310","page","type-page","status-publish","hentry"],"acf":[],"aioseo_notices":[],"jetpack_sharing_enabled":true,"_links":{"self":[{"href":"https:\/\/www.pacicc.ca\/fr\/wp-json\/wp\/v2\/pages\/4310","targetHints":{"allow":["GET"]}}],"collection":[{"href":"https:\/\/www.pacicc.ca\/fr\/wp-json\/wp\/v2\/pages"}],"about":[{"href":"https:\/\/www.pacicc.ca\/fr\/wp-json\/wp\/v2\/types\/page"}],"author":[{"embeddable":true,"href":"https:\/\/www.pacicc.ca\/fr\/wp-json\/wp\/v2\/users\/1"}],"replies":[{"embeddable":true,"href":"https:\/\/www.pacicc.ca\/fr\/wp-json\/wp\/v2\/comments?post=4310"}],"version-history":[{"count":0,"href":"https:\/\/www.pacicc.ca\/fr\/wp-json\/wp\/v2\/pages\/4310\/revisions"}],"up":[{"embeddable":true,"href":"https:\/\/www.pacicc.ca\/fr\/wp-json\/wp\/v2\/pages\/4169"}],"wp:attachment":[{"href":"https:\/\/www.pacicc.ca\/fr\/wp-json\/wp\/v2\/media?parent=4310"}],"curies":[{"name":"wp","href":"https:\/\/api.w.org\/{rel}","templated":true}]}}